{"id":44,"date":"2023-08-10T15:44:16","date_gmt":"2023-08-10T13:44:16","guid":{"rendered":"https:\/\/multimedia.al-tournefeuille.fr\/?page_id=44"},"modified":"2024-03-02T16:00:18","modified_gmt":"2024-03-02T15:00:18","slug":"elementor-44","status":"publish","type":"page","link":"https:\/\/multimedia.al-tournefeuille.fr\/index.php\/elementor-44\/","title":{"rendered":"Pr\u00e9sentation"},"content":{"rendered":"\n<p class=\"has-text-align-center has-accent-1-color has-text-color has-large-font-size\"><strong>Pr\u00e9sentation de l&rsquo;atelier multim\u00e9dia<\/strong><\/p>\n\n\n\n<h4 class=\"wp-block-heading has-large-font-size\"><strong>Apprendre \u00e0 traiter l&rsquo;image num\u00e9rique tant fixe qu&rsquo;anim\u00e9e<\/strong><style>\/*! elementor - v3.15.0 - 09-08-2023 *\/&amp;lt;br \/> .elementor-heading-title{padding:0;margin:0;line-height:1}.elementor-widget-heading .elementor-heading-title[class*=elementor-size-]>a{color:inherit;font-size:inherit;line-height:inherit}.elementor-widget-heading .elementor-heading-title.elementor-size-small{font-size:15px}.elementor-widget-heading .elementor-heading-title.elementor-size-medium{font-size:19px}.elementor-widget-heading .elementor-heading-title.elementor-size-large{font-size:29px}.elementor-widget-heading .elementor-heading-title.elementor-size-xl{font-size:39px}.elementor-widget-heading .elementor-heading-title.elementor-size-xxl{font-size:59px}<\/style><\/h4>\n\n\n\n<ul class=\"wp-block-list\">\n<li><b><strong> S&rsquo;adresse \u00e0 tous<\/strong><\/b>. <strong>Apprentissage dans un esprit collaboratif en favorisant les \u00e9changes au sein des groupes<\/strong><\/li>\n\n\n\n<li> <strong>Utilise dans la mesure du possible des logiciels gratuits (PC-Windows et Mac)<\/strong><\/li>\n<\/ul>\n\n\n\n<h4 class=\"wp-block-heading\"><i style=\"font-variant-ligatures: normal; font-variant-caps: normal; font-weight: 400; font-size: 14.25px; font-family: Roboto, sans-serif; color: #a81111;\">* L&rsquo;atelier n&rsquo;apprend pas le fonctionnement d&rsquo;un ordinateur. L&rsquo;ALT propose ce type d&rsquo;apprentissage.<br>* L&rsquo;atelier n&rsquo;aborde pas la prise de vue m\u00eame si des \u00e9changes sont possibles sur ce th\u00e8me<\/i><\/h4>\n\n\n\n<h4 class=\"wp-block-heading\"><b>Deux groupes<\/b><\/h4>\n\n\n\n<figure class=\"wp-block-table is-style-regular has-normal-font-size\"><table class=\"has-background\" style=\"background-color:#fff2d461\"><thead><tr><th class=\"has-text-align-left\" data-align=\"left\">Qui<\/th><th> <\/th><th>Horaires<\/th><\/tr><\/thead><tbody><tr><td class=\"has-text-align-left\" data-align=\"left\"><strong>Confirm\u00e9s<\/strong><\/td><td>Ceux qui ont des notions dans ce domaine<\/td><td>Lundi &nbsp;&nbsp; &nbsp;9h00 &#8211; 12h00&nbsp;&nbsp;(hors vacances scolaires)<\/td><\/tr><tr><td class=\"has-text-align-left\" data-align=\"left\"><strong>D\u00e9butants<\/strong><\/td><td>Ceux qui n&rsquo;ont jamais amorc\u00e9 le traitement de l&rsquo;image<br>CE N&rsquo;EST PAS UN ATELIER D&rsquo;APPRENTISSAGE D&rsquo;UTILISATION DE L&rsquo;ORDINATEUR<br>Voir les pr\u00e9requis<\/td><td>Mardi\u00a0\u00a0\u00a0 17h00 &#8211; 19h00\u00a0 (hors vacances scolaires)<\/td><\/tr><\/tbody><\/table><\/figure>\n\n\n\n<h4 class=\"wp-block-heading\">Sujets abord\u00e9s<\/h4>\n\n\n\n<figure class=\"wp-block-table is-style-regular has-normal-font-size\"><table class=\"has-background\" style=\"background-color:#fff2d461\"><thead><tr><th class=\"has-text-align-left\" data-align=\"left\">Groupe<\/th><th>Photo<\/th><th>Vid\u00e9o<\/th><\/tr><\/thead><tbody><tr><td class=\"has-text-align-left\" data-align=\"left\"><strong>Confirm\u00e9s<\/strong><\/td><td>Appropriation des logiciels \u00e0 l&rsquo;aide de tutos et d&rsquo;exercices. Projet personnel en autonomie.<br>Utiliser des fonctions sp\u00e9cifiques ou avanc\u00e9es (d\u00e9tourage, d\u00e9grad\u00e9s, calques, masques &#8230;).<br>Les contenus sont d\u00e9finis coll\u00e9gialement en d\u00e9but d&rsquo;ann\u00e9e (r\u00e9ajustement en d\u00e9but de chaque trimestre).<\/td><td>Appropriation des logiciels \u00e0 l&rsquo;aide de tutos et d&rsquo;exercices. Projet personnel en autonomie.<br>Cr\u00e9er un sc\u00e9nario en fonction du projet.<br>Choisir les m\u00e9dias \u00e0 importer (d\u00e9rushage).<br>D\u00e9couper, ajouter des transitions, effets, titres et g\u00e9n\u00e9riques.<br>Traiter l\u2019audio, ajouter de la musique.<br>Etalonner les couleurs.<br>Exporter la vid\u00e9o finale au format ad hoc.<\/td><\/tr><tr><td class=\"has-text-align-left\" data-align=\"left\"><strong>D\u00e9butants<\/strong><\/td><td>Renommer, trier, classer, recadrer, redresser, corriger les zones sombres\/claires, \u00e9crire sur une photo.<br>Composition simple de plusieurs photos (carte postale, carte invitation, affiche).<\/td><td>Couper une vid\u00e9o, assembler diff\u00e9rentes parties, s\u00e9parer le son.<\/td><\/tr><\/tbody><\/table><\/figure>\n\n\n\n<h4 class=\"wp-block-heading\"><strong>Animation<\/strong><\/h4>\n\n\n\n<figure class=\"wp-block-table is-style-regular has-normal-font-size\"><table class=\"has-background\" style=\"background-color:#fff2d461\"><thead><tr><th class=\"has-text-align-left\" data-align=\"left\">Groupe<\/th><th> <\/th><\/tr><\/thead><tbody><tr><td class=\"has-text-align-left\" data-align=\"left\"><strong>Confirm\u00e9s<\/strong><\/td><td>Bas\u00e9 sur le b\u00e9n\u00e9volat, les animations s&rsquo;appuient sur le partage des connaissances de chacun.<\/td><\/tr><tr><td class=\"has-text-align-left\" data-align=\"left\"><strong>D\u00e9butants<\/strong><\/td><td>L&rsquo;animateur assure les s\u00e9ances en proposant des exercices pratiques au cours desquels de nombreux \u00e9changes permettent la mont\u00e9e en comp\u00e9tence des participants.<br>Les d\u00e9butants ayant acquis un niveau suffisant ont la possibilit\u00e9 de passer dans le groupe des confirm\u00e9s.<br>CE N&rsquo;EST PAS UN ATELIER D&rsquo;APPRENTISSAGE D&rsquo;UTILISATION DE L&rsquo;ORDINATEUR. L&rsquo;ALT propose ce type d&rsquo;apprentissage.<br>Voir les pr\u00e9requis<\/td><\/tr><\/tbody><\/table><\/figure>\n","protected":false},"excerpt":{"rendered":"<p>Pr\u00e9sentation de l&rsquo;atelier multim\u00e9dia Apprendre \u00e0 traiter l&rsquo;image num\u00e9rique tant fixe qu&rsquo;anim\u00e9e * L&rsquo;atelier n&rsquo;apprend pas le fonctionnement d&rsquo;un ordinateur. L&rsquo;ALT propose ce type d&rsquo;apprentissage.* L&rsquo;atelier n&rsquo;aborde pas la prise de vue m\u00eame si des \u00e9changes sont possibles sur ce th\u00e8me Deux groupes Qui Horaires Confirm\u00e9s Ceux qui ont des &hellip;<\/p>\n","protected":false},"author":3,"featured_media":0,"parent":0,"menu_order":0,"comment_status":"closed","ping_status":"closed","template":"","meta":{"footnotes":""},"class_list":["post-44","page","type-page","status-publish","hentry"],"_links":{"self":[{"href":"https:\/\/multimedia.al-tournefeuille.fr\/index.php\/wp-json\/wp\/v2\/pages\/44","targetHints":{"allow":["GET"]}}],"collection":[{"href":"https:\/\/multimedia.al-tournefeuille.fr\/index.php\/wp-json\/wp\/v2\/pages"}],"about":[{"href":"https:\/\/multimedia.al-tournefeuille.fr\/index.php\/wp-json\/wp\/v2\/types\/page"}],"author":[{"embeddable":true,"href":"https:\/\/multimedia.al-tournefeuille.fr\/index.php\/wp-json\/wp\/v2\/users\/3"}],"replies":[{"embeddable":true,"href":"https:\/\/multimedia.al-tournefeuille.fr\/index.php\/wp-json\/wp\/v2\/comments?post=44"}],"version-history":[{"count":51,"href":"https:\/\/multimedia.al-tournefeuille.fr\/index.php\/wp-json\/wp\/v2\/pages\/44\/revisions"}],"predecessor-version":[{"id":187,"href":"https:\/\/multimedia.al-tournefeuille.fr\/index.php\/wp-json\/wp\/v2\/pages\/44\/revisions\/187"}],"wp:attachment":[{"href":"https:\/\/multimedia.al-tournefeuille.fr\/index.php\/wp-json\/wp\/v2\/media?parent=44"}],"curies":[{"name":"wp","href":"https:\/\/api.w.org\/{rel}","templated":true}]}}