{"id":192,"date":"2024-03-02T16:41:08","date_gmt":"2024-03-02T15:41:08","guid":{"rendered":"https:\/\/multimedia.al-tournefeuille.fr\/?page_id=192"},"modified":"2024-12-02T18:05:19","modified_gmt":"2024-12-02T17:05:19","slug":"suivi-des-seances","status":"publish","type":"page","link":"https:\/\/multimedia.al-tournefeuille.fr\/index.php\/suivi-des-seances\/","title":{"rendered":"Suivi des S\u00e9ances (exemple des s\u00e9ances de la saison 2023-2024)"},"content":{"rendered":"\n<div class=\"wp-block-columns is-layout-flex wp-container-core-columns-is-layout-9d6595d7 wp-block-columns-is-layout-flex\">\n<div class=\"wp-block-column is-layout-flow wp-block-column-is-layout-flow\" style=\"flex-basis:100%\">\n<figure class=\"wp-block-table\"><table><thead><tr><th>Dates<\/th><th>Niveaux<\/th><th>Contenus des S\u00e9ances<\/th><\/tr><\/thead><tbody><tr><td>18\/09\/2023<\/td><td>Confirm\u00e9s<\/td><td>Tour de table, attentes, bilan de connaissances et comp\u00e9tences<\/td><\/tr><tr><td>19\/09\/2023<\/td><td>D\u00e9butants<\/td><td>Tour de table, attentes, bilan de connaissances et comp\u00e9tences<\/td><\/tr><tr><td>25\/09\/2023<\/td><td>Confirm\u00e9s<\/td><td>Exercice avec GIMP<\/td><\/tr><tr><td>26\/09\/2023<\/td><td>D\u00e9butants<\/td><td>T\u00e9l\u00e9chargement, installation, pr\u00e9sentation et exercice avec FastStone<\/td><\/tr><tr><td>02\/10\/2023<\/td><td>Confirm\u00e9s<\/td><td>Exercice Vid\u00e9oProc Vlogger: vid\u00e9os et diaporama photos<\/td><\/tr><tr><td>03\/10\/2023<\/td><td>D\u00e9butants<\/td><td>R\u00e9visions FastStone, et bases GIMP<\/td><\/tr><tr><td>09\/10\/2023<\/td><td>Confirm\u00e9s<\/td><td>Fin de l&rsquo;exercice Vid\u00e9oProc Vlogger: vid\u00e9os et diaporama photos<\/td><\/tr><tr><td>10\/10\/2023<\/td><td>D\u00e9butants<\/td><td>Logiciel FastStone et exercices<\/td><\/tr><tr><td>16\/10\/2023<\/td><td>Confirm\u00e9s<\/td><td>Pr\u00e9sentation du logiciel de montage vid\u00e9o DaVinciResolve<\/td><\/tr><tr><td>17\/10\/2023<\/td><td>D\u00e9butants<\/td><td>Logiciel FastStone et exercices<\/td><\/tr><tr><td>06\/11\/2023<\/td><td>Confirm\u00e9s<\/td><td>Liste des PC compatibles avec DaVinci Resolve. T\u00e9l\u00e9chargement, installation, pr\u00e9sentation, param\u00e9trage et exercice avec DaVinci Resolve.<\/td><\/tr><tr><td>07\/11\/2023<\/td><td>D\u00e9butants<\/td><td>Vid\u00e9oProc Vlogger ou GIMP: t\u00e9l\u00e9chargement, param\u00e9trage, rappels sur le logiciel et exercice<\/td><\/tr><tr><td>13\/11\/2023<\/td><td>Confirm\u00e9s<\/td><td>DaVinci Resolve: le\u00e7ons BlackMagic Design, d\u00e9but \u00e0 la le\u00e7on N\u00b01<\/td><\/tr><tr><td>14\/11\/2023<\/td><td>D\u00e9butants<\/td><td>Vid\u00e9oProc Vlogger ou GIMP: t\u00e9l\u00e9chargement, param\u00e9trage, rappels sur le logiciel et exercice<\/td><\/tr><tr><td>20\/11\/2023<\/td><td>Confirm\u00e9s<\/td><td>DaVinci Resolve: le\u00e7ons BlackMagic Design;  le\u00e7on N\u00b01 p53<\/td><\/tr><tr><td>21\/11\/2023<\/td><td>D\u00e9butants<\/td><td>Vid\u00e9oProc Vlogger: exercice<\/td><\/tr><tr><td>27\/11\/2023<\/td><td>Confirm\u00e9s<\/td><td>DaVinci Resolve: le\u00e7ons BlackMagic Design;  le\u00e7on N\u00b02 p77<\/td><\/tr><tr><td>28\/11\/2023<\/td><td>D\u00e9butants<\/td><td>Vid\u00e9oProc Vlogger: exercice<\/td><\/tr><tr><td>04\/12\/2023<\/td><td>Confirm\u00e9s<\/td><td>DaVinci Resolve: le\u00e7ons BlackMagic Design;  le\u00e7on N\u00b02 p93<\/td><\/tr><tr><td>05\/12\/2023<\/td><td>D\u00e9butants<\/td><td>Logiciel FastStone et exercices<\/td><\/tr><tr><td>11\/12\/2023<\/td><td>Confirm\u00e9s<\/td><td>DaVinci Resolve: le\u00e7ons BlackMagic Design;  le\u00e7on N\u00b02 p118<\/td><\/tr><tr><td>12\/12\/2023<\/td><td>D\u00e9butants<\/td><td>GIMP: t\u00e9l\u00e9chargement, installation, param\u00e9trage et exercice<\/td><\/tr><tr><td>18\/12\/2023<\/td><td>Confirm\u00e9s<\/td><td>DaVinci Resolve: le\u00e7ons BlackMagic Design;  le\u00e7on N\u00b03 p158 &#8211; <strong><em>Ap\u00e9ro dinatoire de fin de trimestre<\/em><\/strong> \ud83c\udf7e\ud83c\udf77\ud83e\uddc0\ud83c\udf54<\/td><\/tr><tr><td>19\/12\/2023<\/td><td>D\u00e9butants<\/td><td>GIMP: exercice<\/td><\/tr><tr><td>08\/01\/2024<\/td><td>Confirm\u00e9s<\/td><td>DaVinci Resolve: r\u00e9vision des 3 premi\u00e8res le\u00e7ons BlackMagic Design &#8211; \ud83d\udc51<em> <strong>Une ch\u2019tite galette pour commencer l\u2019ann\u00e9e&nbsp;?<\/strong> &nbsp;<\/em>\ud83d\udc51<\/td><\/tr><tr><td>09\/01\/2024<\/td><td>D\u00e9butants<\/td><td>Logiciel FastStone et exercices<\/td><\/tr><tr><td>15\/01\/2024<\/td><td>Confirm\u00e9s<\/td><td>DaVinci Resolve: cours Blackmagic. Le\u00e7on 4<\/td><\/tr><tr><td>16\/01\/2024<\/td><td>D\u00e9butants<\/td><td>Logiciel FastStone et GIMP et exercices<\/td><\/tr><tr><td>22\/01\/2024<\/td><td>Confirm\u00e9s<\/td><td>DaVinci Resolve: cours Blackmagic. Le\u00e7on 4<\/td><\/tr><tr><td>23\/01\/2024<\/td><td>D\u00e9butants<\/td><td>Logiciel FastStone et GIMP et exercices<\/td><\/tr><tr><td>29\/01\/2024<\/td><td>Confirm\u00e9s<\/td><td>DaVinci Resolve: cours Blackmagic. Le\u00e7on 4<\/td><\/tr><tr><td>30\/01\/2024<\/td><td>D\u00e9butants<\/td><td>GIMP: exercice<\/td><\/tr><tr><td>05\/02\/2024<\/td><td>Confirm\u00e9s<\/td><td>DaVinci Resolve: exercice<\/td><\/tr><tr><td>06\/02\/2024<\/td><td>D\u00e9butants<\/td><td>Logiciel FastStone et GIMP et exercices<\/td><\/tr><tr><td>26\/02\/2024<\/td><td>Confirm\u00e9s<\/td><td>DaVinci Resolve: exercice en autonomie avec consignes<\/td><\/tr><tr><td>27\/02\/2024<\/td><td>D\u00e9butants<\/td><td>GIMP: exercice Restaurer une vieille photo<\/td><\/tr><tr><td>04\/03\/2024<\/td><td>Confirm\u00e9s<\/td><td>DaVinci Resolve: exercice en autonomie avec consignes<\/td><\/tr><tr><td>05\/03\/2024<\/td><td>D\u00e9butants<\/td><td>GIMP: exercice<\/td><\/tr><tr><td>11\/03\/2024<\/td><td>Confirm\u00e9s<\/td><td>DaVinci Resolve: exercice<\/td><\/tr><tr><td>12\/03\/2024<\/td><td>D\u00e9butants<\/td><td>GIMP: exercice<\/td><\/tr><tr><td>18\/03\/2024<\/td><td>Confirm\u00e9s<\/td><td>DaVinci Resolve: exercice en autonomie avec consignes<\/td><\/tr><tr><td>19\/03\/2024<\/td><td>D\u00e9butants<\/td><td>GIMP: exercice<\/td><\/tr><tr><td>25\/03\/2024<\/td><td>Confirm\u00e9s<\/td><td>DaVinci Resolve: exercice en autonomie avec consignes<\/td><\/tr><tr><td>26\/03\/2024<\/td><td>D\u00e9butants<\/td><td>GIMP: exercice Restaurer une vieille photo<\/td><\/tr><tr><td>02\/04\/2024<\/td><td>D\u00e9butants<\/td><td><em>Pas de s\u00e9ance<\/em><\/td><\/tr><tr><td>22\/04\/2024<\/td><td>Confirm\u00e9s<\/td><td>GIMP: Recadrage de photos et DaVinci Resolve: Exercice de trac\u00e9 de trajet sur une carte \u00ab\u00a0Carte de Voyage Anim\u00e9e\u00a0\u00bb<\/td><\/tr><tr><td>23\/04\/2024<\/td><td>D\u00e9butants<\/td><td>Vid\u00e9oProc Vlogger: Cr\u00e9er un diaporama ou un montage vid\u00e9o avec ses photos et\/ou vid\u00e9os personnelles<\/td><\/tr><tr><td>29\/04\/2024<\/td><td>Confirm\u00e9s<\/td><td>Exercice \u00ab\u00a0Carte de Voyage Anim\u00e9e\u00a0\u00bb.<\/td><\/tr><tr><td>30\/04\/2024<\/td><td>D\u00e9butants<\/td><td>GIMP: fonction perspective, texte et d\u00e9formation de texte.<\/td><\/tr><tr><td>06\/05\/2024<\/td><td>Confirm\u00e9s<\/td><td>DaVinci Resolve: Pr\u00e9sentation et exercice sur l\u2019effet \u00ab\u00a0Collage vid\u00e9o\u00a0\u00bb.<\/td><\/tr><tr><td>07\/05\/2024<\/td><td>D\u00e9butants<\/td><td>GIMP: fonction perspective, texte et d\u00e9formation de texte.<\/td><\/tr><tr><td>13\/05\/2024<\/td><td>Confirm\u00e9s<\/td><td>DaVinci Resolve: r\u00e9alisation d\u2019un montage vid\u00e9o \u00e0 partir de rushes.<\/td><\/tr><tr><td>14\/05\/2024<\/td><td>D\u00e9butants<\/td><td>Gimp : distorsion de texte, \u00e9criture sur une courbe.<\/td><\/tr><tr><td>21\/05\/2024<\/td><td>D\u00e9butants<\/td><td><em>Pas de s\u00e9ance<\/em><\/td><\/tr><tr><td>27\/05\/2024<\/td><td>Confirm\u00e9s<\/td><td>Rappels DaVinci Resolve et exercice GIMP<\/td><\/tr><tr><td>28\/05\/2024<\/td><td>D\u00e9butants<\/td><td><\/td><\/tr><tr><td><\/td><td><\/td><td><\/td><\/tr><tr><td><\/td><td><\/td><td><\/td><\/tr><tr><td><\/td><td><\/td><td><\/td><\/tr><tr><td><\/td><td><\/td><td><\/td><\/tr><\/tbody><\/table><\/figure>\n<\/div>\n<\/div>\n","protected":false},"excerpt":{"rendered":"<p>Dates Niveaux Contenus des S\u00e9ances 18\/09\/2023 Confirm\u00e9s Tour de table, attentes, bilan de connaissances et comp\u00e9tences 19\/09\/2023 D\u00e9butants Tour de table, attentes, bilan de connaissances et comp\u00e9tences 25\/09\/2023 Confirm\u00e9s Exercice avec GIMP 26\/09\/2023 D\u00e9butants T\u00e9l\u00e9chargement, installation, pr\u00e9sentation et exercice avec FastStone 02\/10\/2023 Confirm\u00e9s Exercice Vid\u00e9oProc Vlogger: vid\u00e9os et diaporama photos &hellip;<\/p>\n","protected":false},"author":2,"featured_media":0,"parent":0,"menu_order":0,"comment_status":"closed","ping_status":"closed","template":"","meta":{"footnotes":""},"class_list":["post-192","page","type-page","status-publish","hentry"],"_links":{"self":[{"href":"https:\/\/multimedia.al-tournefeuille.fr\/index.php\/wp-json\/wp\/v2\/pages\/192","targetHints":{"allow":["GET"]}}],"collection":[{"href":"https:\/\/multimedia.al-tournefeuille.fr\/index.php\/wp-json\/wp\/v2\/pages"}],"about":[{"href":"https:\/\/multimedia.al-tournefeuille.fr\/index.php\/wp-json\/wp\/v2\/types\/page"}],"author":[{"embeddable":true,"href":"https:\/\/multimedia.al-tournefeuille.fr\/index.php\/wp-json\/wp\/v2\/users\/2"}],"replies":[{"embeddable":true,"href":"https:\/\/multimedia.al-tournefeuille.fr\/index.php\/wp-json\/wp\/v2\/comments?post=192"}],"version-history":[{"count":9,"href":"https:\/\/multimedia.al-tournefeuille.fr\/index.php\/wp-json\/wp\/v2\/pages\/192\/revisions"}],"predecessor-version":[{"id":243,"href":"https:\/\/multimedia.al-tournefeuille.fr\/index.php\/wp-json\/wp\/v2\/pages\/192\/revisions\/243"}],"wp:attachment":[{"href":"https:\/\/multimedia.al-tournefeuille.fr\/index.php\/wp-json\/wp\/v2\/media?parent=192"}],"curies":[{"name":"wp","href":"https:\/\/api.w.org\/{rel}","templated":true}]}}